{"id":14122,"date":"2020-08-28T14:21:09","date_gmt":"2020-08-28T12:21:09","guid":{"rendered":"https:\/\/www.inov-on-experience.fr\/notre-histoire\/"},"modified":"2022-04-05T10:33:10","modified_gmt":"2022-04-05T08:33:10","slug":"our-history","status":"publish","type":"page","link":"https:\/\/www.inov-on-experience.fr\/en\/our-history\/","title":{"rendered":"Our history"},"content":{"rendered":"<p>[et_pb_section fb_built=&#8221;1&#8243; _builder_version=&#8221;4.4.9&#8243; da_disable_devices=&#8221;off|off|off&#8221; da_is_popup=&#8221;off&#8221; da_exit_intent=&#8221;off&#8221; da_has_close=&#8221;on&#8221; da_alt_close=&#8221;off&#8221; da_dark_close=&#8221;off&#8221; da_not_modal=&#8221;on&#8221; da_is_singular=&#8221;off&#8221; da_with_loader=&#8221;off&#8221; da_has_shadow=&#8221;on&#8221;][et_pb_row _builder_version=&#8221;4.4.9&#8243;][et_pb_column type=&#8221;4_4&#8243; _builder_version=&#8221;4.4.9&#8243;][et_pb_text admin_label=&#8221;Notre hisoire&#8221; _builder_version=&#8221;4.4.9&#8243; text_font=&#8221;|700|||||||&#8221; text_text_color=&#8221;#3caee1&#8243; text_font_size=&#8221;1.2rem&#8221; header_4_text_color=&#8221;#3caee1&#8243; text_orientation=&#8221;center&#8221;]<\/p>\n<h1 style=\"text-align: center;\"><strong>Our history<\/strong><\/h1>\n<p style=\"text-align: center;\"><strong>Check out the full story of our adventure from CHRONO Flex to inov-On Exp\u00e9rience working towards transforming our management strategy!<\/strong><\/p>\n<p>[\/et_pb_text][et_pb_divider color=&#8221;#f8ca4a&#8221; divider_weight=&#8221;4px&#8221; _builder_version=&#8221;4.4.9&#8243; width=&#8221;25%&#8221; module_alignment=&#8221;center&#8221;][\/et_pb_divider][\/et_pb_column][\/et_pb_row][et_pb_row column_structure=&#8221;3_5,2_5&#8243; admin_label=&#8221;Notre v\u00e9cu&#8221; module_class=&#8221;flex-center&#8221; _builder_version=&#8221;4.4.9&#8243;][et_pb_column type=&#8221;3_5&#8243; _builder_version=&#8221;4.4.9&#8243;][et_pb_text _builder_version=&#8221;4.4.9&#8243;]<\/p>\n<h2>Our experience<\/h2>\n<p><strong>Our story started in 2016. inov-On Exp\u00e9rience, a service provider, took shape from the\u00a0<\/strong><strong>inov-On\u00a0group, with its core unit: CHRONO Flex. CHRONO Flex was the seed behind the group and provides after-sales services for hydraulic hoses: if a customer faces a broken hose, they can return to operations in just one hour.<\/strong> The adventure started in 1995 with one truck and 3 eager individuals. Today, 270 trucks are on call to cover over 100,000 operations annually: that&#8217;s one improvement! Nonetheless, we had to overcome a few obstacles to reach this point.<\/p>\n<p><span style=\"font-weight: 400;\">One critical year: 2009, the crisis in the construction segment. This came as a shock for our teams with loss of employment and an uncertain future. We realized that we needed to find a solution to protect ourselves, become stronger and build a more agile organization. But, what if we considered this crisis as a great opportunity? With Alexandre G\u00e9rard at the helm, the entire team rolled up their sleeves to change gears, opt for a new approach and revolutionize our organization. Teamwork and confidence are now keywords in our firm!<\/span><\/p>\n<p>[\/et_pb_text][\/et_pb_column][et_pb_column type=&#8221;2_5&#8243; _builder_version=&#8221;4.4.9&#8243;][et_pb_image src=&#8221;https:\/\/www.inov-on-experience.fr\/wp-content\/uploads\/2020\/09\/illustration_cl\u00e9.png&#8221; alt=&#8221;Illustration cl\u00e9 de transformation manag\u00e9riale&#8221; title_text=&#8221;illustration_cl\u00e9&#8221; _builder_version=&#8221;4.4.9&#8243;][\/et_pb_image][\/et_pb_column][\/et_pb_row][et_pb_row module_class=&#8221;video-ioe&#8221; _builder_version=&#8221;4.4.9&#8243;][et_pb_column type=&#8221;4_4&#8243; _builder_version=&#8221;4.4.9&#8243;][et_pb_video src=&#8221;https:\/\/www.youtube.com\/watch?v=NIapZ61H-N0&#038;feature=youtu.be&#8221; _builder_version=&#8221;4.4.9&#8243; width=&#8221;70%&#8221; module_alignment=&#8221;center&#8221;][\/et_pb_video][\/et_pb_column][\/et_pb_row][et_pb_row column_structure=&#8221;2_5,3_5&#8243; admin_label=&#8221;Et inov-On Exp\u00e9rience dans tout \u00e7a &#8221; module_class=&#8221;flex-center section-style-1&#8243; _builder_version=&#8221;4.4.9&#8243; custom_margin=&#8221;30px||||false|false&#8221;][et_pb_column type=&#8221;2_5&#8243; module_class=&#8221;style-section1-image&#8221; _builder_version=&#8221;4.4.9&#8243;][et_pb_image src=&#8221;https:\/\/www.inov-on-experience.fr\/wp-content\/uploads\/2020\/10\/Coachs-BD-WEB-e1602161106743.jpg&#8221; alt=&#8221;Notre histoire, et inov-On Exp\u00e9rience dans tout \u00e7a ?&#8221; title_text=&#8221;Coachs-BD-WEB&#8221; module_class=&#8221;style-img-1 style-image-100&#8243; _builder_version=&#8221;4.4.9&#8243; custom_css_main_element=&#8221;width:100% !important;&#8221;][\/et_pb_image][et_pb_code module_class=&#8221;wrap-ombre-img&#8221; _builder_version=&#8221;4.4.9&#8243;]<\/p>\n<div class=\"ombre-img-style-1\"><!-- [et_pb_line_break_holder] --><\/div>\n<p>[\/et_pb_code][\/et_pb_column][et_pb_column type=&#8221;3_5&#8243; module_class=&#8221;style-section1-texte&#8221; _builder_version=&#8221;4.4.9&#8243;][et_pb_text _builder_version=&#8221;4.4.9&#8243;]<\/p>\n<h2><strong>What role does inov-On Exp\u00e9rience play?<\/strong><\/h2>\n<p><span style=\"font-weight: 400;\">It all fell into place in 2016! We started to provide guidance with your new adventures thanks to our past experience with CHRONO Flex and in the field. We can also provide support for your personal, collective, cultural and organizational transformation strategies. Our teams can share our keys to success and highlight the errors to avoid for a successful transformation process. We have supported 50 organizations in Europe over 5\u00a0years. A different technique will be required depending on whether we are supporting a start-up or a <br \/>well-established company. We adapt the rate of progress, motivation and extent of change to the new collaborative management style of the company.\u00a0<\/span><\/p>\n<p><span style=\"font-weight: 400;\">Our coaches and trainers pass on knowledge, provide hands-on tools and support your teams bringing a whole range of new emotions to your door. No, we will not issue a PowerPoint presentation with standard answers. We prefer to take the time to find out about your situation and explore new options hand in hand with you. We create an immersive environment with the participant, incorporating their own experience, feelings and values. Our training options adapt to each individual participant, taking roots in their profile. So, are you ready to set out on a new adventure?<\/span><\/p>\n<p>[\/et_pb_text][\/et_pb_column][\/et_pb_row][\/et_pb_section]<\/p>\n","protected":false},"excerpt":{"rendered":"<p>Our history Check out the full story of our adventure from CHRONO Flex to inov-On Exp\u00e9rience working towards transforming our management strategy!Our experience Our story started in 2016. inov-On Exp\u00e9rience, a service provider, took shape from the\u00a0inov-On\u00a0group, with its core unit: CHRONO Flex. CHRONO Flex was the seed behind the group and provides after-sales services [&hellip;]<\/p>\n","protected":false},"author":1,"featured_media":0,"parent":0,"menu_order":0,"comment_status":"closed","ping_status":"closed","template":"","meta":{"_acf_changed":false,"_et_pb_use_builder":"on","_et_pb_old_content":"","_et_gb_content_width":"","footnotes":""},"class_list":["post-14122","page","type-page","status-publish","hentry"],"acf":[],"yoast_head":"<!-- This site is optimized with the Yoast SEO plugin v27.6 - https:\/\/yoast.com\/product\/yoast-seo-wordpress\/ -->\n<title>Our history - inov-On Exp\u00e9rience<\/title>\n<meta name=\"robots\" content=\"index, follow, max-snippet:-1, max-image-preview:large, max-video-preview:-1\" \/>\n<link rel=\"canonical\" href=\"https:\/\/www.inov-on-experience.fr\/en\/our-history\/\" \/>\n<meta property=\"og:locale\" content=\"en_US\" \/>\n<meta property=\"og:type\" content=\"article\" \/>\n<meta property=\"og:title\" content=\"Our history - inov-On Exp\u00e9rience\" \/>\n<meta property=\"og:description\" content=\"Our history Check out the full story of our adventure from CHRONO Flex to inov-On Exp\u00e9rience working towards transforming our management strategy!Our experience Our story started in 2016. inov-On Exp\u00e9rience, a service provider, took shape from the\u00a0inov-On\u00a0group, with its core unit: CHRONO Flex. CHRONO Flex was the seed behind the group and provides after-sales services [&hellip;]\" \/>\n<meta property=\"og:url\" content=\"https:\/\/www.inov-on-experience.fr\/en\/our-history\/\" \/>\n<meta property=\"og:site_name\" content=\"inov-On Exp\u00e9rience\" \/>\n<meta property=\"article:publisher\" content=\"https:\/\/www.facebook.com\/InovOnExperience\/\" \/>\n<meta property=\"article:modified_time\" content=\"2022-04-05T08:33:10+00:00\" \/>\n<meta name=\"twitter:card\" content=\"summary_large_image\" \/>\n<meta name=\"twitter:site\" content=\"@inovOnExp\" \/>\n<meta name=\"twitter:label1\" content=\"Est. reading time\" \/>\n\t<meta name=\"twitter:data1\" content=\"4 minutes\" \/>\n<script type=\"application\/ld+json\" class=\"yoast-schema-graph\">{\"@context\":\"https:\\\/\\\/schema.org\",\"@graph\":[{\"@type\":\"WebPage\",\"@id\":\"https:\\\/\\\/www.inov-on-experience.fr\\\/en\\\/our-history\\\/\",\"url\":\"https:\\\/\\\/www.inov-on-experience.fr\\\/en\\\/our-history\\\/\",\"name\":\"Our history - inov-On Exp\u00e9rience\",\"isPartOf\":{\"@id\":\"https:\\\/\\\/www.inov-on-experience.fr\\\/en\\\/#website\"},\"datePublished\":\"2020-08-28T12:21:09+00:00\",\"dateModified\":\"2022-04-05T08:33:10+00:00\",\"breadcrumb\":{\"@id\":\"https:\\\/\\\/www.inov-on-experience.fr\\\/en\\\/our-history\\\/#breadcrumb\"},\"inLanguage\":\"en-US\",\"potentialAction\":[{\"@type\":\"ReadAction\",\"target\":[\"https:\\\/\\\/www.inov-on-experience.fr\\\/en\\\/our-history\\\/\"]}]},{\"@type\":\"BreadcrumbList\",\"@id\":\"https:\\\/\\\/www.inov-on-experience.fr\\\/en\\\/our-history\\\/#breadcrumb\",\"itemListElement\":[{\"@type\":\"ListItem\",\"position\":1,\"name\":\"Home\",\"item\":\"https:\\\/\\\/www.inov-on-experience.fr\\\/en\\\/\"},{\"@type\":\"ListItem\",\"position\":2,\"name\":\"Our history\"}]},{\"@type\":\"WebSite\",\"@id\":\"https:\\\/\\\/www.inov-on-experience.fr\\\/en\\\/#website\",\"url\":\"https:\\\/\\\/www.inov-on-experience.fr\\\/en\\\/\",\"name\":\"inov-On Exp\u00e9rience - Transformation manag\u00e9riale\",\"description\":\"Corporate power revealer\",\"publisher\":{\"@id\":\"https:\\\/\\\/www.inov-on-experience.fr\\\/en\\\/#organization\"},\"potentialAction\":[{\"@type\":\"SearchAction\",\"target\":{\"@type\":\"EntryPoint\",\"urlTemplate\":\"https:\\\/\\\/www.inov-on-experience.fr\\\/en\\\/?s={search_term_string}\"},\"query-input\":{\"@type\":\"PropertyValueSpecification\",\"valueRequired\":true,\"valueName\":\"search_term_string\"}}],\"inLanguage\":\"en-US\"},{\"@type\":\"Organization\",\"@id\":\"https:\\\/\\\/www.inov-on-experience.fr\\\/en\\\/#organization\",\"name\":\"inov-On Exp\u00e9rience - Transformation manag\u00e9riale\",\"url\":\"https:\\\/\\\/www.inov-on-experience.fr\\\/en\\\/\",\"logo\":{\"@type\":\"ImageObject\",\"inLanguage\":\"en-US\",\"@id\":\"https:\\\/\\\/www.inov-on-experience.fr\\\/en\\\/#\\\/schema\\\/logo\\\/image\\\/\",\"url\":\"https:\\\/\\\/www.inov-on-experience.fr\\\/wp-content\\\/uploads\\\/2020\\\/08\\\/Logo-IOE-no-margin.png\",\"contentUrl\":\"https:\\\/\\\/www.inov-on-experience.fr\\\/wp-content\\\/uploads\\\/2020\\\/08\\\/Logo-IOE-no-margin.png\",\"width\":564,\"height\":409,\"caption\":\"inov-On Exp\u00e9rience - Transformation manag\u00e9riale\"},\"image\":{\"@id\":\"https:\\\/\\\/www.inov-on-experience.fr\\\/en\\\/#\\\/schema\\\/logo\\\/image\\\/\"},\"sameAs\":[\"https:\\\/\\\/www.facebook.com\\\/InovOnExperience\\\/\",\"https:\\\/\\\/x.com\\\/inovOnExp\",\"https:\\\/\\\/www.linkedin.com\\\/company\\\/inovon-experience\\\/\",\"https:\\\/\\\/www.youtube.com\\\/channel\\\/UCU2Erf4effI8_VuMJVJMTHA\",\"https:\\\/\\\/www.instagram.com\\\/citationsfeelgood\\\/\"]}]}<\/script>\n<!-- \/ Yoast SEO plugin. -->","yoast_head_json":{"title":"Our history - inov-On Exp\u00e9rience","robots":{"index":"index","follow":"follow","max-snippet":"max-snippet:-1","max-image-preview":"max-image-preview:large","max-video-preview":"max-video-preview:-1"},"canonical":"https:\/\/www.inov-on-experience.fr\/en\/our-history\/","og_locale":"en_US","og_type":"article","og_title":"Our history - inov-On Exp\u00e9rience","og_description":"Our history Check out the full story of our adventure from CHRONO Flex to inov-On Exp\u00e9rience working towards transforming our management strategy!Our experience Our story started in 2016. inov-On Exp\u00e9rience, a service provider, took shape from the\u00a0inov-On\u00a0group, with its core unit: CHRONO Flex. CHRONO Flex was the seed behind the group and provides after-sales services [&hellip;]","og_url":"https:\/\/www.inov-on-experience.fr\/en\/our-history\/","og_site_name":"inov-On Exp\u00e9rience","article_publisher":"https:\/\/www.facebook.com\/InovOnExperience\/","article_modified_time":"2022-04-05T08:33:10+00:00","twitter_card":"summary_large_image","twitter_site":"@inovOnExp","twitter_misc":{"Est. reading time":"4 minutes"},"schema":{"@context":"https:\/\/schema.org","@graph":[{"@type":"WebPage","@id":"https:\/\/www.inov-on-experience.fr\/en\/our-history\/","url":"https:\/\/www.inov-on-experience.fr\/en\/our-history\/","name":"Our history - inov-On Exp\u00e9rience","isPartOf":{"@id":"https:\/\/www.inov-on-experience.fr\/en\/#website"},"datePublished":"2020-08-28T12:21:09+00:00","dateModified":"2022-04-05T08:33:10+00:00","breadcrumb":{"@id":"https:\/\/www.inov-on-experience.fr\/en\/our-history\/#breadcrumb"},"inLanguage":"en-US","potentialAction":[{"@type":"ReadAction","target":["https:\/\/www.inov-on-experience.fr\/en\/our-history\/"]}]},{"@type":"BreadcrumbList","@id":"https:\/\/www.inov-on-experience.fr\/en\/our-history\/#breadcrumb","itemListElement":[{"@type":"ListItem","position":1,"name":"Home","item":"https:\/\/www.inov-on-experience.fr\/en\/"},{"@type":"ListItem","position":2,"name":"Our history"}]},{"@type":"WebSite","@id":"https:\/\/www.inov-on-experience.fr\/en\/#website","url":"https:\/\/www.inov-on-experience.fr\/en\/","name":"inov-On Exp\u00e9rience - Transformation manag\u00e9riale","description":"Corporate power revealer","publisher":{"@id":"https:\/\/www.inov-on-experience.fr\/en\/#organization"},"potentialAction":[{"@type":"SearchAction","target":{"@type":"EntryPoint","urlTemplate":"https:\/\/www.inov-on-experience.fr\/en\/?s={search_term_string}"},"query-input":{"@type":"PropertyValueSpecification","valueRequired":true,"valueName":"search_term_string"}}],"inLanguage":"en-US"},{"@type":"Organization","@id":"https:\/\/www.inov-on-experience.fr\/en\/#organization","name":"inov-On Exp\u00e9rience - Transformation manag\u00e9riale","url":"https:\/\/www.inov-on-experience.fr\/en\/","logo":{"@type":"ImageObject","inLanguage":"en-US","@id":"https:\/\/www.inov-on-experience.fr\/en\/#\/schema\/logo\/image\/","url":"https:\/\/www.inov-on-experience.fr\/wp-content\/uploads\/2020\/08\/Logo-IOE-no-margin.png","contentUrl":"https:\/\/www.inov-on-experience.fr\/wp-content\/uploads\/2020\/08\/Logo-IOE-no-margin.png","width":564,"height":409,"caption":"inov-On Exp\u00e9rience - Transformation manag\u00e9riale"},"image":{"@id":"https:\/\/www.inov-on-experience.fr\/en\/#\/schema\/logo\/image\/"},"sameAs":["https:\/\/www.facebook.com\/InovOnExperience\/","https:\/\/x.com\/inovOnExp","https:\/\/www.linkedin.com\/company\/inovon-experience\/","https:\/\/www.youtube.com\/channel\/UCU2Erf4effI8_VuMJVJMTHA","https:\/\/www.instagram.com\/citationsfeelgood\/"]}]}},"_links":{"self":[{"href":"https:\/\/www.inov-on-experience.fr\/en\/wp-json\/wp\/v2\/pages\/14122","targetHints":{"allow":["GET"]}}],"collection":[{"href":"https:\/\/www.inov-on-experience.fr\/en\/wp-json\/wp\/v2\/pages"}],"about":[{"href":"https:\/\/www.inov-on-experience.fr\/en\/wp-json\/wp\/v2\/types\/page"}],"author":[{"embeddable":true,"href":"https:\/\/www.inov-on-experience.fr\/en\/wp-json\/wp\/v2\/users\/1"}],"replies":[{"embeddable":true,"href":"https:\/\/www.inov-on-experience.fr\/en\/wp-json\/wp\/v2\/comments?post=14122"}],"version-history":[{"count":0,"href":"https:\/\/www.inov-on-experience.fr\/en\/wp-json\/wp\/v2\/pages\/14122\/revisions"}],"wp:attachment":[{"href":"https:\/\/www.inov-on-experience.fr\/en\/wp-json\/wp\/v2\/media?parent=14122"}],"curies":[{"name":"wp","href":"https:\/\/api.w.org\/{rel}","templated":true}]}}